{"id":8,"date":"2021-10-19T17:03:52","date_gmt":"2021-10-19T17:03:52","guid":{"rendered":"https:\/\/listinghive.hivepress.io\/?page_id=8"},"modified":"2025-02-14T12:34:38","modified_gmt":"2025-02-14T12:34:38","slug":"home","status":"publish","type":"page","link":"https:\/\/www.pioelite.com.pl\/","title":{"rendered":"Home"},"content":{"rendered":"\n<div class=\"wp-block-columns is-layout-flex wp-container-core-columns-is-layout-1 wp-block-columns-is-layout-flex\">\n<div class=\"wp-block-column is-vertically-aligned-center is-layout-flow wp-block-column-is-layout-flow\" style=\"flex-basis:50%\">\n<p style=\"font-size:33px;line-height:1.1\">Znajd\u017a wszystko czego potrzebujesz<br><br>Nawi\u0105zuj relacje, pozyskaj partnerki biznesowe, rozwijaj sw\u00f3j biznes<\/p>\n<\/div>\n\n\n\n<div class=\"wp-block-column is-vertically-aligned-stretch is-layout-flow wp-block-column-is-layout-flow\" style=\"flex-basis:50%\">\n<figure class=\"wp-block-image size-large is-style-rounded\"><img loading=\"lazy\" decoding=\"async\" width=\"683\" height=\"1024\" src=\"http:\/\/www.pioelite.com.pl\/wp-content\/uploads\/2025\/02\/foto-0891-scaled-1-683x1024.jpg\" alt=\"\" class=\"wp-image-551\" srcset=\"https:\/\/www.pioelite.com.pl\/wp-content\/uploads\/2025\/02\/foto-0891-scaled-1-683x1024.jpg 683w, https:\/\/www.pioelite.com.pl\/wp-content\/uploads\/2025\/02\/foto-0891-scaled-1-200x300.jpg 200w, https:\/\/www.pioelite.com.pl\/wp-content\/uploads\/2025\/02\/foto-0891-scaled-1-768x1152.jpg 768w, https:\/\/www.pioelite.com.pl\/wp-content\/uploads\/2025\/02\/foto-0891-scaled-1-1024x1536.jpg 1024w, https:\/\/www.pioelite.com.pl\/wp-content\/uploads\/2025\/02\/foto-0891-scaled-1-1366x2048.jpg 1366w, https:\/\/www.pioelite.com.pl\/wp-content\/uploads\/2025\/02\/foto-0891-scaled-1.jpg 1707w\" sizes=\"auto, (max-width: 683px) 100vw, 683px\" \/><\/figure>\n<\/div>\n<\/div>\n\n\n\n<div class=\"wp-block-group is-content-justification-center is-layout-flex wp-container-core-group-is-layout-1 wp-block-group-is-layout-flex\"><\/div>\n\n\n\n<p class=\"has-text-align-center p.has-background { border-radius: 30px; has-white-color has-text-color has-background has-link-color wp-elements-abb9afe37a3438c5892c61bc6ea3b19e\" style=\"background-color:#a68e45;font-size:24px;line-height:1.3\">Dodaj og\u0142oszenie, dzi\u0119ki kt\u00f3remu inni poznaj\u0105 Ci\u0119 bli\u017cej <\/p>\n\n\n\n<p class=\"has-text-align-center p.has-background { border-radius: 30px; has-white-color has-text-color has-background has-link-color wp-elements-1b0063323fc500572938c7326b27b04c\" style=\"background-color:#a68e45;font-size:24px;line-height:1.3\">Skontaktuj si\u0119 z cz\u0142onkiniami spotka\u0144 Przedsi\u0119biorcze i Odwa\u017cne i zapoznaj si\u0119 z aktualn\u0105 ofert\u0105<\/p>\n\n\n\n<p class=\"has-text-align-center p.has-background { border-radius: 30px; has-white-color has-text-color has-background has-link-color wp-elements-16a8048bc05cc3144cb1be840ea1afd5\" style=\"background-color:#a68e45;font-size:24px;line-height:1.3\">Um\u00f3w si\u0119 na spotkanie<\/p>\n\n\n <form class=\"hp-form--wide hp-form--primary hp-block hp-form hp-form--listing-search\" action=\"https:\/\/www.pioelite.com.pl\" method=\"GET\" data-component=\"form\"><div class=\"hp-form__messages\" data-component=\"messages\"><\/div><div class=\"hp-form__fields\"><input type=\"hidden\" name=\"post_type\" value=\"hp_listing\" class=\"hp-field hp-field--hidden\"><input type=\"hidden\" name=\"latitude\" value=\"\" data-coordinate=\"lat\" class=\"hp-field hp-field--hidden\"><input type=\"hidden\" name=\"longitude\" value=\"\" data-coordinate=\"lng\" class=\"hp-field hp-field--hidden\"><input type=\"hidden\" name=\"_region\" value=\"\" data-region=\"data-region\" class=\"hp-field hp-field--hidden\"><select name=\"_category\" class=\"hp-field hp-field--hidden\"><option value=\"\">Wszystkie kategorie<\/option><\/select><div class=\"hp-form__field hp-form__field--search\"><input type=\"search\" name=\"s\" value=\"\" placeholder=\"S\u0142owa kluczowe\" maxlength=\"256\" class=\"hp-field hp-field--search\"><\/div><div class=\"hp-form__field hp-form__field--location\"><div data-format=\"\" data-countries=\"[&quot;PL&quot;]\" data-component=\"location\" class=\"hp-field hp-field--location\"><input type=\"text\" name=\"location\" value=\"\" autocomplete=\"off\" placeholder=\"Lokalizacja\" maxlength=\"256\" class=\"hp-field hp-field--text\"><a href=\"#\" title=\"Zlokalizuj mnie\"><i class=\"hp-icon fas fa-location-arrow\"><\/i><\/a><\/div><\/div><\/div><div class=\"hp-form__footer\"><button type=\"submit\" class=\"hp-form__button button-primary alt button hp-field hp-field--submit\"><span>Szukaj<\/span><\/button><\/div><\/form>\n\n\n<div class=\"wp-block-group is-nowrap is-layout-flex wp-container-core-group-is-layout-2 wp-block-group-is-layout-flex\"><\/div>\n\n\n \n\n <div class=\"hp-listings hp-block hp-grid\"><div class=\"hp-row\"><div class=\"hp-grid__item hp-col-sm-3 hp-col-xs-12\"><article class=\"hp-listing hp-listing--view-block\"><header class=\"hp-listing__header\"><div class=\"hp-listing__image\" data-component=\"carousel-slider\" data-preview=\"false\" data-url=\"https:\/\/www.pioelite.com.pl\/?hp_listing=jww\">\n\t\t\t<a href=\"https:\/\/www.pioelite.com.pl\/?hp_listing=jww\">\n\t\t\t\t\t\t\t<img decoding=\"async\" src=\"https:\/\/www.pioelite.com.pl\/wp-content\/uploads\/2025\/02\/foto-0874-400x300.jpg\" alt=\"JWW - Biuro rachunkowe\" loading=\"lazy\">\n\t\t\t\t\t<\/a>\n\t<\/div>\n<\/header><div class=\"hp-listing__content\"><h4 class=\"hp-listing__title\"><a href=\"https:\/\/www.pioelite.com.pl\/?hp_listing=jww\">JWW &#8211; Biuro rachunkowe<\/a>\n<\/h4><div class=\"hp-listing__details hp-listing__details--primary\">\t<div class=\"hp-listing__location\">\n\t\t<i class=\"hp-icon fas fa-map-marker-alt\"><\/i>\n\t\t\t\t\t<a href=\"https:\/\/www.google.com\/maps\/search\/?api=1&#038;query=,\" target=\"_blank\">Wroc\u0142aw<\/a>\n\t\t\t<\/div>\n\t<time class=\"hp-listing__created-date hp-listing__date hp-meta\" datetime=\"2025-02-01 18:56:25\">\n\tDodane 1 lutego, 2025<\/time>\n\t<div class=\"hp-listing__rating hp-rating\">\n\t\t<div class=\"hp-rating__stars hp-rating-stars\" data-component=\"rating\" data-value=\"5\"><\/div>\n\t\t<a href=\"https:\/\/www.pioelite.com.pl\/?hp_listing=jww#reviews\" class=\"hp-rating__details\">\n\t\t\t<span class=\"hp-rating__value\">5,0<\/span>\n\t\t\t<span class=\"hp-rating__count\">(1)<\/span>\n\t\t<\/a>\n\t<\/div>\n\t<\/div><\/div><footer class=\"hp-listing__footer\"><div class=\"hp-listing__actions hp-listing__actions--primary\"><a href=\"#user_login_modal\" title=\"Odpowied\u017a na og\u0142oszenie\" class=\"hp-listing__action hp-listing__action--message\"><i class=\"hp-icon fas fa-comment\"><\/i><\/a>\n<a class=\"hp-listing__action hp-listing__action--favorite\" href=\"#user_login_modal\"><i class=\"hp-icon fas fa-heart\"><\/i><\/a><\/div><\/footer><\/article><\/div><\/div><\/div>","protected":false},"excerpt":{"rendered":"<p>Znajd\u017a wszystko czego potrzebujesz Nawi\u0105zuj relacje, pozyskaj partnerki biznesowe, rozwijaj sw\u00f3j biznes Dodaj og\u0142oszenie, dzi\u0119ki kt\u00f3remu inni poznaj\u0105 Ci\u0119 bli\u017cej Skontaktuj si\u0119 z cz\u0142onkiniami spotka\u0144 Przedsi\u0119biorcze i Odwa\u017cne i zapoznaj si\u0119 z aktualn\u0105 ofert\u0105 Um\u00f3w si\u0119 na spotkanie<\/p>\n","protected":false},"author":1,"featured_media":0,"parent":0,"menu_order":0,"comment_status":"closed","ping_status":"closed","template":"","meta":{"footnotes":""},"class_list":["post-8","page","type-page","status-publish","hentry"],"_links":{"self":[{"href":"https:\/\/www.pioelite.com.pl\/index.php?rest_route=\/wp\/v2\/pages\/8","targetHints":{"allow":["GET"]}}],"collection":[{"href":"https:\/\/www.pioelite.com.pl\/index.php?rest_route=\/wp\/v2\/pages"}],"about":[{"href":"https:\/\/www.pioelite.com.pl\/index.php?rest_route=\/wp\/v2\/types\/page"}],"author":[{"embeddable":true,"href":"https:\/\/www.pioelite.com.pl\/index.php?rest_route=\/wp\/v2\/users\/1"}],"replies":[{"embeddable":true,"href":"https:\/\/www.pioelite.com.pl\/index.php?rest_route=%2Fwp%2Fv2%2Fcomments&post=8"}],"version-history":[{"count":122,"href":"https:\/\/www.pioelite.com.pl\/index.php?rest_route=\/wp\/v2\/pages\/8\/revisions"}],"predecessor-version":[{"id":928,"href":"https:\/\/www.pioelite.com.pl\/index.php?rest_route=\/wp\/v2\/pages\/8\/revisions\/928"}],"wp:attachment":[{"href":"https:\/\/www.pioelite.com.pl\/index.php?rest_route=%2Fwp%2Fv2%2Fmedia&parent=8"}],"curies":[{"name":"wp","href":"https:\/\/api.w.org\/{rel}","templated":true}]}}